{"id":56,"date":"2013-01-28T11:44:54","date_gmt":"2013-01-28T11:44:54","guid":{"rendered":"http:\/\/starbaltic.lt\/web\/?page_id=56"},"modified":"2013-03-26T08:17:11","modified_gmt":"2013-03-26T08:17:11","slug":"parasykite-mums","status":"publish","type":"page","link":"http:\/\/metabaltic.lt\/ru\/parasykite-mums\/","title":{"rendered":"Para\u0161ykite mums"},"content":{"rendered":"<p>Maloniai pra\u0161ome ra\u0161yti mums bet kokiu Jus dominan\u010diu klausimu, netrukus su Jumis susisieksime.<\/p>\n<p>&nbsp;<\/p>\n\n\n<!-- Fast Secure Contact Form plugin 4.0.46 - begin - FastSecureContactForm.com -->\r\n<div style=\"clear:both;\"><\/div>\n\r\n<div id=\"FSContact2\" style=\"width:550px;\">\r\n<form action=\"http:\/\/metabaltic.lt\/ru\/wp-json\/wp\/v2\/pages\/56#FSContact2\" id=\"fscf_form2\" method=\"post\">\r\n\n<div id=\"fscf_div_clear2_0\" style=\"clear:both;\">\n  <div id=\"fscf_div_field2_0\" style=\"clear:left; float:left; width:99%; max-width:550px; margin-right:10px;\">\r\n    <div style=\"width:138px; text-align:right; float:left; clear:left; padding-top:17px; padding-right:10px;\">\n      <label style=\"text-align:left;\" for=\"fscf_name2\">Vardas<span style=\"padding-left:146px; text-align:left;\">*<\/span><\/label>\n    <\/div>\r\n    <div style=\"text-align:left; float:left; padding-top:10px;\">\r\n      <input style=\"text-align:left; float:left; padding:2px; margin:0;\" type=\"text\" id=\"fscf_name2\" name=\"full_name\" value=\"\"  \/>\r\n    <\/div>\r\n  <\/div>\n<\/div>\n\n<div id=\"fscf_div_clear2_1\" style=\"clear:both;\">\n  <div id=\"fscf_div_field2_1\" style=\"clear:left; float:left; width:99%; max-width:550px; margin-right:10px;\">\n    <div style=\"width:138px; text-align:right; float:left; clear:left; padding-top:17px; padding-right:10px;\">\n      <label style=\"text-align:left;\" for=\"fscf_email2\">El. Pa\u0161tas<span style=\"padding-left:146px; text-align:left;\">*<\/span><\/label>\n    <\/div>\n    <div style=\"text-align:left; float:left; padding-top:10px;\">\n      <input style=\"text-align:left; float:left; padding:2px; margin:0;\" type=\"text\" id=\"fscf_email2\" name=\"email\" value=\"\"  \/>\n    <\/div>\n  <\/div>\n<\/div>\n\n<div id=\"fscf_div_clear2_2\" style=\"clear:both;\">\n  <div id=\"fscf_div_field2_2\" style=\"clear:left; float:left; width:99%; max-width:550px; margin-right:10px;\">\n    <div style=\"width:138px; text-align:right; float:left; clear:left; padding-top:17px; padding-right:10px;\">\n      <label style=\"text-align:left;\" for=\"fscf_field2_2\">Tema<span style=\"padding-left:146px; text-align:left;\">*<\/span><\/label>\n    <\/div>\n    <div style=\"text-align:left; float:left; padding-top:10px;\">\n      <input style=\"text-align:left; float:left; padding:2px; margin:0;\" type=\"text\" id=\"fscf_field2_2\" name=\"subject\" value=\"\"  \/>\n    <\/div>\n  <\/div>\n<\/div>\n\n<div id=\"fscf_div_clear2_3\" style=\"clear:both;\">\n  <div id=\"fscf_div_field2_3\" style=\"clear:left; float:left; width:99%; max-width:550px; margin-right:10px;\">\n    <div style=\"width:138px; text-align:right; float:left; clear:left; padding-top:17px; padding-right:10px;\">\n      <label style=\"text-align:left;\" for=\"fscf_field2_3\">\u017dinut\u0117<span style=\"padding-left:146px; text-align:left;\">*<\/span><\/label>\n    <\/div>\n    <div style=\"text-align:left; float:left; padding-top:10px;\">\n      <textarea style=\"text-align:left; margin:0; width:99%; max-width:250px; height:120px;\" id=\"fscf_field2_3\" name=\"message\" cols=\"30\" rows=\"10\" ><\/textarea>\n    <\/div>\n  <\/div>\n<\/div>\r\n<div style=\"clear:both;\"><\/div>\n\n<div style=\"width:138px; text-align:right; float:left; clear:left; padding-top:17px; padding-right:10px;\">\n<\/div>\n<div id=\"fscf_captcha_image_div2\" style=\"float:left; width:362px; height:65px; padding-top:5px;\">\n      <img loading=\"lazy\" decoding=\"async\" id=\"fscf_captcha_image2\" style=\"border-style:none; margin:0; padding:0px; padding-right:5px; float:left;\" src=\"http:\/\/metabaltic.lt\/ru\/wp-content\/plugins\/si-contact-form\/captcha\/securimage_show.php?prefix=xqgwO3UCa1V18nKg\" width=\"175\" height=\"60\" alt=\"CAPTCHA\" title=\"CAPTCHA\" \/>\n      <input id=\"fscf_captcha_prefix2\" type=\"hidden\" name=\"fscf_captcha_prefix2\" value=\"xqgwO3UCa1V18nKg\" \/>\n     <div id=\"fscf_captcha_refresh2\">\n        <a href=\"#\" rel=\"nofollow\" title=\"Refresh\" onclick=\"fscf_captcha_refresh('2','\/ru\/wp-content\/plugins\/si-contact-form\/captcha','http:\/\/metabaltic.lt\/ru\/wp-content\/plugins\/si-contact-form\/captcha\/securimage_show.php?prefix='); return false;\">\n        <img loading=\"lazy\" decoding=\"async\" src=\"http:\/\/metabaltic.lt\/ru\/wp-content\/plugins\/si-contact-form\/captcha\/images\/refresh.png\" width=\"22\" height=\"20\" alt=\"Refresh\" style=\"border-style:none; margin:0; padding:0px; vertical-align:bottom;\" onclick=\"this.blur();\" \/><\/a>\r\n     <\/div>\r\n<\/div>\r\n\r\n<div id=\"fscf_captcha_field2\" style=\"width:138px; text-align:right; float:left; clear:left; padding-top:17px; padding-right:10px;\">\r\n     <label style=\"text-align:left;\" for=\"fscf_captcha_code2\">CAPTCHA Code:<span style=\"padding-left:146px; text-align:left;\">*<\/span><\/label>\r\n<\/div>\r\n<div style=\"text-align:left; float:left; padding-top:10px;\">\n     <input style=\"text-align:left; float:left; padding:2px; margin:0; width:50px;\" type=\"text\" value=\"\" autocomplete=\"off\" id=\"fscf_captcha_code2\" name=\"captcha_code\"  \/>\n<\/div>\n\n<div id=\"fscf_submit_div2\" style=\"padding-left:146px; text-align:left; float:left; clear:left; padding-top:8px;\">\r\n\t\t<input type=\"submit\" id=\"fscf_submit2\" style=\"cursor:pointer; margin:0;\" value=\"Klausti\"  onclick=\"this.disabled=true; this.value='Submitting...'; this.form.submit();\" \/> \n<\/div>\n\n<input type=\"hidden\" name=\"fscf_submitted\" value=\"0\" \/>\n<input type=\"hidden\" name=\"fs_postonce_2\" value=\"fb01846e1dd511e9eff5e4520af2ab19,1776407116\" \/>\n<input type=\"hidden\" name=\"si_contact_action\" value=\"send\" \/>\n<input type=\"hidden\" name=\"form_id\" value=\"2\" \/>\n<input type=\"hidden\" name=\"mailto_id\" value=\"1\" \/>\n\n<\/form>\n<\/div>\r\n<div style=\"clear:both;\"><\/div>\n\n<!-- Fast Secure Contact Form plugin 4.0.46 - end - FastSecureContactForm.com -->\n\n","protected":false},"excerpt":{"rendered":"<p>Maloniai pra\u0161ome ra\u0161yti mums bet kokiu Jus dominan\u010diu klausimu, netrukus su Jumis susisieksime. &nbsp;<\/p>\n<div class=\"placiaukategorijos\"><a href=\"http:\/\/metabaltic.lt\/ru\/parasykite-mums\/\">\u0414\u0430\u043b\u0435\u0435 \u00bb<\/a><\/div>","protected":false},"author":1,"featured_media":0,"parent":0,"menu_order":0,"comment_status":"open","ping_status":"open","template":"","meta":{"_acf_changed":false,"footnotes":""},"class_list":["post-56","page","type-page","status-publish","hentry"],"acf":[],"_links":{"self":[{"href":"http:\/\/metabaltic.lt\/ru\/wp-json\/wp\/v2\/pages\/56","targetHints":{"allow":["GET"]}}],"collection":[{"href":"http:\/\/metabaltic.lt\/ru\/wp-json\/wp\/v2\/pages"}],"about":[{"href":"http:\/\/metabaltic.lt\/ru\/wp-json\/wp\/v2\/types\/page"}],"author":[{"embeddable":true,"href":"http:\/\/metabaltic.lt\/ru\/wp-json\/wp\/v2\/users\/1"}],"replies":[{"embeddable":true,"href":"http:\/\/metabaltic.lt\/ru\/wp-json\/wp\/v2\/comments?post=56"}],"version-history":[{"count":7,"href":"http:\/\/metabaltic.lt\/ru\/wp-json\/wp\/v2\/pages\/56\/revisions"}],"predecessor-version":[{"id":63,"href":"http:\/\/metabaltic.lt\/ru\/wp-json\/wp\/v2\/pages\/56\/revisions\/63"}],"wp:attachment":[{"href":"http:\/\/metabaltic.lt\/ru\/wp-json\/wp\/v2\/media?parent=56"}],"curies":[{"name":"wp","href":"https:\/\/api.w.org\/{rel}","templated":true}]}}