{"id":77,"date":"2013-02-07T14:20:44","date_gmt":"2013-02-07T14:20:44","guid":{"rendered":"http:\/\/starbaltic.lt\/web\/?page_id=77"},"modified":"2013-02-07T14:20:49","modified_gmt":"2013-02-07T14:20:49","slug":"imones-dokumentai","status":"publish","type":"page","link":"http:\/\/metabaltic.lt\/en\/naudinga\/imones-dokumentai\/","title":{"rendered":"\u012emon\u0117s dokumentai"},"content":{"rendered":"<p>\u012emon\u0117s dokumentai<\/p>\n","protected":false},"excerpt":{"rendered":"<p>\u012emon\u0117s dokumentai<\/p>\n<div class=\"placiaukategorijos\"><a href=\"http:\/\/metabaltic.lt\/en\/naudinga\/imones-dokumentai\/\">More \u00bb<\/a><\/div>","protected":false},"author":1,"featured_media":0,"parent":9,"menu_order":0,"comment_status":"open","ping_status":"open","template":"","meta":{"_acf_changed":false,"footnotes":""},"class_list":["post-77","page","type-page","status-publish","hentry"],"acf":[],"_links":{"self":[{"href":"http:\/\/metabaltic.lt\/en\/wp-json\/wp\/v2\/pages\/77","targetHints":{"allow":["GET"]}}],"collection":[{"href":"http:\/\/metabaltic.lt\/en\/wp-json\/wp\/v2\/pages"}],"about":[{"href":"http:\/\/metabaltic.lt\/en\/wp-json\/wp\/v2\/types\/page"}],"author":[{"embeddable":true,"href":"http:\/\/metabaltic.lt\/en\/wp-json\/wp\/v2\/users\/1"}],"replies":[{"embeddable":true,"href":"http:\/\/metabaltic.lt\/en\/wp-json\/wp\/v2\/comments?post=77"}],"version-history":[{"count":2,"href":"http:\/\/metabaltic.lt\/en\/wp-json\/wp\/v2\/pages\/77\/revisions"}],"predecessor-version":[{"id":79,"href":"http:\/\/metabaltic.lt\/en\/wp-json\/wp\/v2\/pages\/77\/revisions\/79"}],"up":[{"embeddable":true,"href":"http:\/\/metabaltic.lt\/en\/wp-json\/wp\/v2\/pages\/9"}],"wp:attachment":[{"href":"http:\/\/metabaltic.lt\/en\/wp-json\/wp\/v2\/media?parent=77"}],"curies":[{"name":"wp","href":"https:\/\/api.w.org\/{rel}","templated":true}]}}